{"id":32,"date":"2025-05-27T01:27:34","date_gmt":"2025-05-26T23:27:34","guid":{"rendered":"https:\/\/explorim.pl\/?page_id=32"},"modified":"2025-05-28T17:54:21","modified_gmt":"2025-05-28T15:54:21","slug":"truskawki-w-czekoladzie","status":"publish","type":"page","link":"https:\/\/explorim.pl\/","title":{"rendered":"Strona G\u0142\u00f3wna"},"content":{"rendered":"\t\t<div data-elementor-type=\"wp-page\" data-elementor-id=\"32\" class=\"elementor elementor-32\">\n\t\t\t\t<div class=\"elementor-element elementor-element-df2feed e-flex e-con-boxed e-con e-parent\" data-id=\"df2feed\" data-element_type=\"container\">\n\t\t\t\t\t<div class=\"e-con-inner\">\n\t\t\t\t<div class=\"elementor-element elementor-element-0143d22 elementor-widget elementor-widget-slider_revolution\" data-id=\"0143d22\" data-element_type=\"widget\" data-widget_type=\"slider_revolution.default\">\n\t\t\t\t<div class=\"elementor-widget-container\">\n\t\t\t\t\t\n\t\t<div class=\"wp-block-themepunch-revslider\">\n\t\t\t\t<p class=\"rs-p-wp-fix\"><\/p>\n\t\t\t\t<sr7-module data-alias=\"Chocolate-Bar-Product-Presentation-Template\" data-id=\"1\" id=\"SR7_1_1\" class=\"rs-respect-topbar rs-ov-hidden\" data-version=\"6.7.34\">\n\t\t\t\t\t<sr7-adjuster><\/sr7-adjuster>\n\t\t\t\t\t<sr7-content>\n\t\t\t\t\t\t<sr7-slide id=\"SR7_1_1-1\" data-key=\"1\">\n\t\t\t\t\t\t\t<sr7-txt id=\"SR7_1_1-1-1\" class=\"sr7-layer\">Poczuj si\u0119 jak w niebie!<br \/>\n<\/sr7-txt>\n\t\t\t\t\t\t\t<sr7-txt id=\"SR7_1_1-1-3\" class=\"sr7-layer\">TRUSKAWKI W CZEKOLADZIE<br \/>\n<\/sr7-txt>\n\t\t\t\t\t\t\t<sr7-txt id=\"SR7_1_1-1-4\" class=\"sr7-layer\">Odkryj magi\u0119 prawdziwej czekolady mlecznej z chrupi\u0105cymi, liofilizowanymi truskawkami. Ka\u017cdy k\u0119s to podr\u00f3\u017c do \u015bwiata czystej przyjemno\u015bci.<\/sr7-txt>\n\t\t\t\t\t\t\t<sr7-txt id=\"SR7_1_1-1-5\" class=\"sr7-layer\">Naturalne<\/sr7-txt>\n\t\t\t\t\t\t\t<sr7-txt id=\"SR7_1_1-1-6\" class=\"sr7-layer\">\u2b50 100% satysfakcji<\/sr7-txt>\n\t\t\t\t\t\t\t<sr7-txt id=\"SR7_1_1-1-7\" class=\"sr7-layer\">\u2728 NOWO\u015a\u0106 NA POLSKIM RYNKU<\/sr7-txt>\n\t\t\t\t\t\t\t<a id=\"SR7_1_1-1-8\" class=\"sr7-layer\" href=\"https:\/\/explorim.pl\/wp-content\/uploads\/2025\/05\/Truskawka-liofilizowana-w-czekoladzie-mlecznej-no-marking.pdf\" target=\"_blank\" rel=\"noopener\">Pobierz Ofert\u0119<\/a>\n\t\t\t\t\t\t\t<sr7-txt id=\"SR7_1_1-1-9\" class=\"sr7-layer\">chocobliss<\/sr7-txt>\n\t\t\t\t\t\t\t<sr7-txt id=\"SR7_1_1-1-25\" class=\"sr7-layer\"><i class=\"material-icons\">chevron_right<\/i><\/sr7-txt>\n\t\t\t\t\t\t\t<sr7-txt id=\"SR7_1_1-1-26\" class=\"sr7-layer\"><i class=\"material-icons\">chevron_left<\/i><\/sr7-txt>\n\t\t\t\t\t\t<\/sr7-slide>\n\t\t\t\t\t\t<sr7-slide id=\"SR7_1_1-2\" data-key=\"2\">\n\t\t\t\t\t\t\t<sr7-txt id=\"SR7_1_1-2-1\" class=\"sr7-layer\">Wyj\u0105tkowy Smak<\/sr7-txt>\n\t\t\t\t\t\t\t<sr7-txt id=\"SR7_1_1-2-3\" class=\"sr7-layer\">Kt\u00f3rego nigdzie indziej nie znajdziesz<br \/>\n<\/sr7-txt>\n\t\t\t\t\t\t\t<sr7-txt id=\"SR7_1_1-2-4\" class=\"sr7-layer\">\ud83c\udf6b 37% prawdziwej czekolady mlecznej<br \/>\n\ud83c\udf53 Chrupi\u0105ce liofilizowane truskawki<br \/>\n\ud83d\udeab Bez sztucznych barwnik\u00f3w i aromat\u00f3w<br \/>\n\u2764\ufe0f Robione z mi\u0142o\u015bci\u0105<\/sr7-txt>\n\t\t\t\t\t\t\t<a id=\"SR7_1_1-2-8\" class=\"sr7-layer\" href=\"https:\/\/explorim.pl\/wp-content\/uploads\/2025\/05\/Truskawka-liofilizowana-w-czekoladzie-mlecznej-no-marking.pdf\" target=\"_blank\" rel=\"noopener\">Pobierz Ofert\u0119<\/a>\n\t\t\t\t\t\t\t<sr7-txt id=\"SR7_1_1-2-9\" class=\"sr7-layer\">chocobliss<\/sr7-txt>\n\t\t\t\t\t\t\t<sr7-txt id=\"SR7_1_1-2-25\" class=\"sr7-layer\"><i class=\"material-icons\">chevron_right<\/i><\/sr7-txt>\n\t\t\t\t\t\t\t<sr7-txt id=\"SR7_1_1-2-26\" class=\"sr7-layer\"><i class=\"material-icons\">chevron_left<\/i><\/sr7-txt>\n\t\t\t\t\t\t<\/sr7-slide>\n\t\t\t\t\t\t<sr7-slide id=\"SR7_1_1-3\" data-key=\"3\">\n\t\t\t\t\t\t\t<sr7-txt id=\"SR7_1_1-3-1\" class=\"sr7-layer\">W ka\u017cdym kawa\u0142ku<\/sr7-txt>\n\t\t\t\t\t\t\t<sr7-txt id=\"SR7_1_1-3-3\" class=\"sr7-layer\">SZWAJCARSKI STANDARD<\/sr7-txt>\n\t\t\t\t\t\t\t<sr7-txt id=\"SR7_1_1-3-4\" class=\"sr7-layer\">Nasze czekoladki powstaj\u0105 z najwy\u017cszej jako\u015bci szwajcarskiej czekolady i naturalnych, liofilizowanych truskawek. To po\u0142\u0105czenie tradycji z innowacj\u0105.<\/sr7-txt>\n\t\t\t\t\t\t\t<sr7-txt id=\"SR7_1_1-3-5\" class=\"sr7-layer\">\u2705 Naturalne sk\u0142adniki<\/sr7-txt>\n\t\t\t\t\t\t\t<sr7-txt id=\"SR7_1_1-3-6\" class=\"sr7-layer\">\u2705 Ekskluzywne opakowanie<\/sr7-txt>\n\t\t\t\t\t\t\t<sr7-txt id=\"SR7_1_1-3-7\" class=\"sr7-layer\">\u2705 Idealne na prezent<\/sr7-txt>\n\t\t\t\t\t\t\t<a id=\"SR7_1_1-3-8\" class=\"sr7-layer\" href=\"https:\/\/explorim.pl\/wp-content\/uploads\/2025\/05\/Truskawka-liofilizowana-w-czekoladzie-mlecznej-no-marking.pdf\" target=\"_blank\" rel=\"noopener\">POBIERZ OFERT\u0118 <\/a>\n\t\t\t\t\t\t\t<sr7-txt id=\"SR7_1_1-3-9\" class=\"sr7-layer\">chocobliss<\/sr7-txt>\n\t\t\t\t\t\t\t<sr7-txt id=\"SR7_1_1-3-25\" class=\"sr7-layer\"><i class=\"material-icons\">chevron_right<\/i><\/sr7-txt>\n\t\t\t\t\t\t\t<sr7-txt id=\"SR7_1_1-3-26\" class=\"sr7-layer\"><i class=\"material-icons\">chevron_left<\/i><\/sr7-txt>\n\t\t\t\t\t\t<\/sr7-slide>\n\t\t\t\t\t\t<sr7-slide id=\"SR7_1_1-5\" data-key=\"5\">\n\t\t\t\t\t\t\t<sr7-txt id=\"SR7_1_1-5-10\" class=\"sr7-layer\">Explorim Hurt<\/sr7-txt>\n\t\t\t\t\t\t<\/sr7-slide>\n\t\t\t\t\t<\/sr7-content>\n\t\t\t\t\t<image_lists style=\"display:none\">\n\t\t\t\t\t\t<img data-src=\"\/\/explorim.pl\/wp-content\/uploads\/2025\/05\/Projekt-bez-nazwy-241.png\" data-libid=\"30\" data-lib=\"medialibrary\" title=\"Projekt bez nazwy-241\" width=\"0\" height=\"0\" data-dbsrc=\"Ly9leHBsb3JpbS5wbC93cC1jb250ZW50L3VwbG9hZHMvMjAyNS8wNS9Qcm9qZWt0LWJlei1uYXp3eS0yNDEucG5n\"\/>\n\t\t\t\t\t\t<img data-src=\"\/\/explorim.pl\/wp-content\/uploads\/2025\/05\/Projekt-bez-nazwy-242.png\" data-libid=\"31\" data-lib=\"medialibrary\" title=\"Projekt bez nazwy-242\" width=\"0\" height=\"0\" data-dbsrc=\"Ly9leHBsb3JpbS5wbC93cC1jb250ZW50L3VwbG9hZHMvMjAyNS8wNS9Qcm9qZWt0LWJlei1uYXp3eS0yNDIucG5n\"\/>\n\t\t\t\t\t<\/image_lists>\n\t\t\t\t<\/sr7-module>\n\t\t\t\t<script>\n\t\t\t\t\tSR7.PMH ??={}; SR7.PMH[\"SR7_1_1\"] = {cn:100,state:false,fn: function() { if (_tpt!==undefined && _tpt.prepareModuleHeight !== undefined) {  _tpt.prepareModuleHeight({id:\"SR7_1_1\",el:[900,900,768,960,720],type:'standard',shdw:'0',gh:[900,900,768,960,720],gw:[1240,1240,1024,778,480],vpt:['-200px&#039;,&#039;-200px&#039;,&#039;-200px&#039;,&#039;-200px&#039;,&#039;-200px'],size:{fullWidth:true, fullHeight:true},fho:'#masthead,',mh:'0',onh:0,onw:0,bg:{color:'{\"type\":\"solid\",\"orig\":\"#0c0c0c\",\"string\":\"rgba(12, 12, 12, 1)\"}'}});   SR7.PMH[\"SR7_1_1\"].state=true;} else if(SR7.PMH[\"SR7_1_1\"].cn-->0)\tsetTimeout( SR7.PMH[\"SR7_1_1\"].fn,19);}};SR7.PMH[\"SR7_1_1\" ].fn();\n\t\t\t\t<\/script>\n<\/div>\n\n\t\t\t\t\t\t<\/div>\n\t\t\t\t<\/div>\n\t\t\t\t\t<\/div>\n\t\t\t\t<\/div>\n\t\t\t\t<\/div>\n\t\t","protected":false},"excerpt":{"rendered":"","protected":false},"author":1,"featured_media":0,"parent":0,"menu_order":0,"comment_status":"closed","ping_status":"closed","template":"","meta":{"footnotes":""},"class_list":["post-32","page","type-page","status-publish","hentry"],"_links":{"self":[{"href":"https:\/\/explorim.pl\/index.php?rest_route=\/wp\/v2\/pages\/32","targetHints":{"allow":["GET"]}}],"collection":[{"href":"https:\/\/explorim.pl\/index.php?rest_route=\/wp\/v2\/pages"}],"about":[{"href":"https:\/\/explorim.pl\/index.php?rest_route=\/wp\/v2\/types\/page"}],"author":[{"embeddable":true,"href":"https:\/\/explorim.pl\/index.php?rest_route=\/wp\/v2\/users\/1"}],"replies":[{"embeddable":true,"href":"https:\/\/explorim.pl\/index.php?rest_route=%2Fwp%2Fv2%2Fcomments&post=32"}],"version-history":[{"count":13,"href":"https:\/\/explorim.pl\/index.php?rest_route=\/wp\/v2\/pages\/32\/revisions"}],"predecessor-version":[{"id":50,"href":"https:\/\/explorim.pl\/index.php?rest_route=\/wp\/v2\/pages\/32\/revisions\/50"}],"wp:attachment":[{"href":"https:\/\/explorim.pl\/index.php?rest_route=%2Fwp%2Fv2%2Fmedia&parent=32"}],"curies":[{"name":"wp","href":"https:\/\/api.w.org\/{rel}","templated":true}]}}